{"id":8796,"date":"2022-04-19T21:12:56","date_gmt":"2022-04-19T21:12:56","guid":{"rendered":"https:\/\/rosachoc.pt\/mobile\/?page_id=8796"},"modified":"2022-04-19T21:12:56","modified_gmt":"2022-04-19T21:12:56","slug":"alergeneos","status":"publish","type":"page","link":"https:\/\/rosachoc.pt\/mobile\/alergeneos\/","title":{"rendered":"Alerg\u00e9neos"},"content":{"rendered":"<div id=\"pl-8796\"  class=\"panel-layout\" ><div id=\"pg-8796-0\"  class=\"panel-grid panel-no-style\" ><div id=\"pgc-8796-0-0\"  class=\"panel-grid-cell\" ><div id=\"panel-8796-0-0-0\" class=\"so-panel widget widget_sow-editor panel-first-child panel-last-child\" data-index=\"0\" ><div\n\t\t\t\n\t\t\tclass=\"so-widget-sow-editor so-widget-sow-editor-base\"\n\t\t\t\n\t\t>\n<div class=\"siteorigin-widget-tinymce textwidget\">\n\t<p><img loading=\"lazy\" decoding=\"async\" class=\"aligncenter wp-image-8798 size-full\" src=\"https:\/\/rosachoc.pt\/mobile\/wp-content\/uploads\/2022\/04\/Allergen-copia.jpg\" alt=\"\" width=\"923\" height=\"270\" srcset=\"https:\/\/rosachoc.pt\/mobile\/wp-content\/uploads\/2022\/04\/Allergen-copia.jpg 923w, https:\/\/rosachoc.pt\/mobile\/wp-content\/uploads\/2022\/04\/Allergen-copia-300x88.jpg 300w, https:\/\/rosachoc.pt\/mobile\/wp-content\/uploads\/2022\/04\/Allergen-copia-768x225.jpg 768w, https:\/\/rosachoc.pt\/mobile\/wp-content\/uploads\/2022\/04\/Allergen-copia-600x176.jpg 600w, https:\/\/rosachoc.pt\/mobile\/wp-content\/uploads\/2022\/04\/Allergen-copia-740x216.jpg 740w, https:\/\/rosachoc.pt\/mobile\/wp-content\/uploads\/2022\/04\/Allergen-copia-370x108.jpg 370w\" sizes=\"auto, (max-width: 923px) 100vw, 923px\" \/><\/p>\n<h2 style=\"text-align: center;\">Informa\u00e7\u00e3o sobre subst\u00e2ncias ou produtos que provocam alergias ou intoler\u00e2ncia.<\/h2>\n<p>&nbsp;<\/p>\n<blockquote>\n<p style=\"text-align: center;\">Querido Amante do Chocolate, alertamos que todos os nossos produtos podem conter subst\u00e2ncias que podem provocar alergias ou intoler\u00e2ncias alimentares, em particular:<\/p>\n<\/blockquote>\n<ul>\n<li>Cereais que cont\u00e9m gl\u00faten;<\/li>\n<li>Ovos e produtos \u00e0 base de ovo;<\/li>\n<li>Leite e seus derivados;<\/li>\n<li>Amendoins e produtos \u00e0 base de amendoim;<\/li>\n<li>Frutos de casca rija.<\/li>\n<\/ul>\n<p>&nbsp;<\/p>\n<p><strong><span class=\"s1\">Reg. (UE) n.\u00ba 1169\/2011<\/span><\/strong><\/p>\n<p>&nbsp;<\/p>\n<h6><strong>\u00a0<\/strong><\/h6>\n<\/div>\n<\/div><\/div><\/div><\/div><\/div>","protected":false},"excerpt":{"rendered":"<p>Informa\u00e7\u00e3o sobre subst\u00e2ncias ou produtos que provocam alergias ou intoler\u00e2ncia. &nbsp; Querido Amante do Chocolate, alertamos que todos os nossos produtos podem conter subst\u00e2ncias que podem provocar alergias ou intoler\u00e2ncias alimentares, em particular: Cereais que cont\u00e9m gl\u00faten; Ovos e produtos &hellip; <a href=\"https:\/\/rosachoc.pt\/mobile\/alergeneos\/\">Read More<\/a><\/p>\n","protected":false},"author":1,"featured_media":8798,"parent":0,"menu_order":0,"comment_status":"closed","ping_status":"closed","template":"","meta":{"_monsterinsights_skip_tracking":false,"_monsterinsights_sitenote_active":false,"_monsterinsights_sitenote_note":"","_monsterinsights_sitenote_category":0,"footnotes":""},"class_list":["post-8796","page","type-page","status-publish","has-post-thumbnail","hentry"],"aioseo_notices":[],"_links":{"self":[{"href":"https:\/\/rosachoc.pt\/mobile\/wp-json\/wp\/v2\/pages\/8796","targetHints":{"allow":["GET"]}}],"collection":[{"href":"https:\/\/rosachoc.pt\/mobile\/wp-json\/wp\/v2\/pages"}],"about":[{"href":"https:\/\/rosachoc.pt\/mobile\/wp-json\/wp\/v2\/types\/page"}],"author":[{"embeddable":true,"href":"https:\/\/rosachoc.pt\/mobile\/wp-json\/wp\/v2\/users\/1"}],"replies":[{"embeddable":true,"href":"https:\/\/rosachoc.pt\/mobile\/wp-json\/wp\/v2\/comments?post=8796"}],"version-history":[{"count":5,"href":"https:\/\/rosachoc.pt\/mobile\/wp-json\/wp\/v2\/pages\/8796\/revisions"}],"predecessor-version":[{"id":8803,"href":"https:\/\/rosachoc.pt\/mobile\/wp-json\/wp\/v2\/pages\/8796\/revisions\/8803"}],"wp:featuredmedia":[{"embeddable":true,"href":"https:\/\/rosachoc.pt\/mobile\/wp-json\/wp\/v2\/media\/8798"}],"wp:attachment":[{"href":"https:\/\/rosachoc.pt\/mobile\/wp-json\/wp\/v2\/media?parent=8796"}],"curies":[{"name":"wp","href":"https:\/\/api.w.org\/{rel}","templated":true}]}}